{"id":253,"date":"2022-07-13T12:21:09","date_gmt":"2022-07-13T10:21:09","guid":{"rendered":"https:\/\/www.yourkingsley.com\/?page_id=253"},"modified":"2022-08-02T14:36:40","modified_gmt":"2022-08-02T12:36:40","slug":"submit-job-form","status":"publish","type":"page","link":"https:\/\/www.yourkingsley.com\/fr\/submit-job-form\/","title":{"rendered":"Submit job form"},"content":{"rendered":"\n\n\n<section id=\"editor558901436007445687\" class=\"m_editor editor558901436007445687 \" data-block=\"editor\" >\n\n  <div class=\"m_editor__wrapper\">\n    <header class=\"m_headline\">\n          <h1 class=\"m_headline__title\" data-aos=\"fade-up\" data-aos-easing=\"ease-out-quad\" >Submit job form<\/h1>\n    \n    <\/header>\n\n    <div class=\"m_editor__content m_content\" data-aos=\"fade-up\" data-aos-delay=\"100\" data-aos-easing=\"ease-out-sine\">\n      <form action=\"\/fr\/wp-json\/wp\/v2\/pages\/253\" method=\"post\" id=\"submit-job-form\" class=\"job-manager-form\" enctype=\"multipart\/form-data\">\n\n\t\n\t\n\t\n\t\t\t<fieldset class=\"fieldset-login_required\">\n\t\t<label>Avez-vous d\u00e9j\u00e0 un compte\u00a0?<\/label>\n\t\t<div class=\"field account-sign-in\">\n\t\t\t<a class=\"button\" href=\"https:\/\/www.yourkingsley.com\/fr\/wp\/wp-login.php?redirect_to=https%3A%2F%2Fwww.yourkingsley.com%2Ffr%2Fsubmit-job-form%2F\">Se connecter<\/a>\n\n\t\t\t\n\t\t\t\tSi vous n\u2019avez pas encore de compte vous pouvez en cr\u00e9er un ci-dessous en saisissant votre adresse e-mail ou identifiant.\t\t\t\t\t\t\t\t\tLes d\u00e9tails de votre compte seront confirm\u00e9s par e-mail.\t\t\t\t\n\t\t\t\t\t<\/div>\n\t<\/fieldset>\n\t\t\t\t<fieldset class=\"fieldset-create_account_email\">\n\t\t\t\t<label\n\t\t\t\t\tfor=\"create_account_email\">Votre email<\/label>\n\t\t\t\t<div class=\"field required-field draft-required\">\n\t\t\t\t\t<input type=\"text\" class=\"input-text\" name=\"create_account_email\" id=\"create_account_email\" placeholder=\"nom@mondomaine.com\" value=\"\" maxlength=\"\" required \/>\n\t\t\t\t<\/div>\n\t\t\t<\/fieldset>\n\t\t\t\n\t\n\t\n\t\t<!-- Job Information Fields -->\n\t\t\n\t\t\t\t\t<fieldset class=\"fieldset-job_title fieldset-type-text\">\n\t\t\t\t<label for=\"job_title\">Titre de job<\/label>\n\t\t\t\t<div class=\"field required-field\">\n\t\t\t\t\t<input type=\"text\" class=\"input-text\" name=\"job_title\" id=\"job_title\" placeholder=\"\" value=\"\" maxlength=\"\" required \/>\n\t\t\t\t<\/div>\n\t\t\t<\/fieldset>\n\t\t\t\t\t<fieldset class=\"fieldset-job_location fieldset-type-text\">\n\t\t\t\t<label for=\"job_location\">Localisation <small>(optionnel)<\/small><\/label>\n\t\t\t\t<div class=\"field \">\n\t\t\t\t\t<input type=\"text\" class=\"input-text\" name=\"job_location\" id=\"job_location\" placeholder=\"Par exemple \u00ab\u00a0Paris\u00a0\u00bb\" value=\"\" maxlength=\"\"  \/>\n<small class=\"description\">Laissez vide si l\u2019offre peut \u00eatre pourvue depuis n\u2019importe o\u00f9 (ex\u00a0: t\u00e9l\u00e9travail)<\/small>\t\t\t\t<\/div>\n\t\t\t<\/fieldset>\n\t\t\t\t\t<fieldset class=\"fieldset-remote_position fieldset-type-checkbox\">\n\t\t\t\t<label for=\"remote_position\">Emploi en distanciel <small>(optionnel)<\/small><\/label>\n\t\t\t\t<div class=\"field \">\n\t\t\t\t\t<input type=\"checkbox\" class=\"input-checkbox\" name=\"remote_position\" id=\"remote_position\"  value=\"1\"  \/>\n<small class=\"description\">S\u00e9lectionnez ceci si le poste est en distanciel.<\/small>\t\t\t\t<\/div>\n\t\t\t<\/fieldset>\n\t\t\t\t\t<fieldset class=\"fieldset-job_type fieldset-type-term-multiselect\">\n\t\t\t\t<label for=\"job_type\">Type d\u2019offre d\u2019emploi<\/label>\n\t\t\t\t<div class=\"field required-field\">\n\t\t\t\t\t<select name='job_type[]' id='job_type' class='job-manager-category-dropdown ' multiple='multiple' data-placeholder='Choisir le type d\u2019offre d\u2019emploi&hellip;' data-no_results_text='Aucun r\u00e9sultat pour cette recherche' data-multiple_text='Choisir une option'>\n\t<option class=\"level-0\" value=\"40\">Freelance<\/option>\n\t<option class=\"level-0\" value=\"1624\">Part time<\/option>\n\t<option class=\"level-0\" value=\"1202\">Permanent<\/option>\n\t<option class=\"level-0\" value=\"461\">Stage<\/option>\n\t<option class=\"level-0\" value=\"459\" selected=\"selected\">Temps plein<\/option>\n<\/select>\n\t\t\t\t<\/div>\n\t\t\t<\/fieldset>\n\t\t\t\t\t<fieldset class=\"fieldset-job_category fieldset-type-term-multiselect\">\n\t\t\t\t<label for=\"job_category\">Cat\u00e9gorie d\u2019offre d\u2019emploi<\/label>\n\t\t\t\t<div class=\"field required-field\">\n\t\t\t\t\t<select name='job_category[]' id='job_category' class='job-manager-category-dropdown ' multiple='multiple' data-placeholder='S\u00e9lectionnez une cat\u00e9gorie' data-no_results_text='Aucun r\u00e9sultat pour cette recherche' data-multiple_text='Choisir une option'>\n\t<option class=\"level-0\" value=\"49\">Architecture<\/option>\n\t<option class=\"level-0\" value=\"1222\">Construction<\/option>\n\t<option class=\"level-0\" value=\"1201\">Finance<\/option>\n\t<option class=\"level-0\" value=\"1321\">Ing\u00e9nierie<\/option>\n\t<option class=\"level-0\" value=\"700\">Internal jobs<\/option>\n\t<option class=\"level-0\" value=\"1490\">L\u00e9gal<\/option>\n\t<option class=\"level-0\" value=\"1790\">Non classifi\u00e9(e)<\/option>\n\t<option class=\"level-0\" value=\"45\">Real Estate<\/option>\n\t<option class=\"level-0\" value=\"1693\">Ressources Humaines<\/option>\n\t<option class=\"level-0\" value=\"1305\">Wealth management<\/option>\n<\/select>\n\t\t\t\t<\/div>\n\t\t\t<\/fieldset>\n\t\t\t\t\t<fieldset class=\"fieldset-job_description fieldset-type-wp-editor\">\n\t\t\t\t<label for=\"job_description\">Description<\/label>\n\t\t\t\t<div class=\"field required-field\">\n\t\t\t\t\t<div id=\"wp-job_description-wrap\" class=\"wp-core-ui wp-editor-wrap tmce-active\"><link rel='stylesheet' id='dashicons-css' href='https:\/\/www.yourkingsley.com\/wp\/wp-includes\/css\/dashicons.min.css?ver=cf71b1af2245984e30d496711e58af8c' type='text\/css' media='all' \/>\n<link rel='stylesheet' id='editor-buttons-css' href='https:\/\/www.yourkingsley.com\/wp\/wp-includes\/css\/editor.min.css?ver=cf71b1af2245984e30d496711e58af8c' type='text\/css' media='all' \/>\n<style> .mce-top-part button { background-color: rgba(0,0,0,0.0) !important; } <\/style>\n<div id=\"wp-job_description-editor-container\" class=\"wp-editor-container\"><textarea class=\"wp-editor-area\" rows=\"8\" autocomplete=\"off\" cols=\"40\" name=\"job_description\" id=\"job_description\"><\/textarea><\/div>\n<\/div>\n\n\t\t\t\t<\/div>\n\t\t\t<\/fieldset>\n\t\t\t\t\t<fieldset class=\"fieldset-application fieldset-type-text\">\n\t\t\t\t<label for=\"application\">Email\/URL de candidature<\/label>\n\t\t\t\t<div class=\"field required-field\">\n\t\t\t\t\t<input type=\"text\" class=\"input-text\" name=\"application\" id=\"application\" placeholder=\"Saisir une adresse courriel ou une URL de site\" value=\"\" maxlength=\"\" required \/>\n\t\t\t\t<\/div>\n\t\t\t<\/fieldset>\n\t\t\t\t\t<fieldset class=\"fieldset-wpjml_linkedin_application fieldset-type-checkbox\">\n\t\t\t\t<label for=\"wpjml_linkedin_application\">Allow LinkedIn Applications <small>(optionnel)<\/small><\/label>\n\t\t\t\t<div class=\"field \">\n\t\t\t\t\t<input type=\"checkbox\" class=\"input-checkbox\" name=\"wpjml_linkedin_application\" id=\"wpjml_linkedin_application\"  value=\"1\"  \/>\n<small class=\"description\">Do you want to allow employees to apply with their LinkedIn profile?<\/small>\t\t\t\t<\/div>\n\t\t\t<\/fieldset>\n\t\t\t\t\t<fieldset class=\"fieldset-job_salary fieldset-type-text\">\n\t\t\t\t<label for=\"job_salary\">Salaire <small>(optionnel)<\/small><\/label>\n\t\t\t\t<div class=\"field \">\n\t\t\t\t\t<input type=\"text\" class=\"input-text\" name=\"job_salary\" id=\"job_salary\" placeholder=\"e.g. 20000\" value=\"\" maxlength=\"\"  \/>\n\t\t\t\t<\/div>\n\t\t\t<\/fieldset>\n\t\t\t\t\t<fieldset class=\"fieldset-job_salary_currency fieldset-type-text\">\n\t\t\t\t<label for=\"job_salary_currency\">Devise du salaire <small>(optionnel)<\/small><\/label>\n\t\t\t\t<div class=\"field \">\n\t\t\t\t\t<input type=\"text\" class=\"input-text\" name=\"job_salary_currency\" id=\"job_salary_currency\" placeholder=\"par exemple, EUR\" value=\"\" maxlength=\"\"  \/>\n<small class=\"description\">Ajoute une devise de salaire, ce champ est facultatif. Laissez-le vide pour utiliser la devise du salaire par d\u00e9faut.<\/small>\t\t\t\t<\/div>\n\t\t\t<\/fieldset>\n\t\t\t\t\t<fieldset class=\"fieldset-job_salary_unit fieldset-type-select\">\n\t\t\t\t<label for=\"job_salary_unit\">Unit\u00e9 de salaire <small>(optionnel)<\/small><\/label>\n\t\t\t\t<div class=\"field \">\n\t\t\t\t\t<select name=\"job_salary_unit\" id=\"job_salary_unit\"  autocomplete=\"off\">\n\t\t\t<option value=\"\" >--<\/option>\n\t\t\t<option value=\"YEAR\" >Ann\u00e9e<\/option>\n\t\t\t<option value=\"MONTH\" >Mois<\/option>\n\t\t\t<option value=\"WEEK\" >Semaine<\/option>\n\t\t\t<option value=\"DAY\" >Jour<\/option>\n\t\t\t<option value=\"HOUR\" >Heure<\/option>\n\t<\/select>\n<small class=\"description\">Add a salary period unit, this field is optional. Leave it empty to use the default salary unit, if one is defined.<\/small>\t\t\t\t<\/div>\n\t\t\t<\/fieldset>\n\t\t\n\t\t\n\t\t<!-- Company Information Fields -->\n\t\t\t\t\t<h2>D\u00e9tail de l\u2019entreprise\/organisation<\/h2>\n\n\t\t\t\n\t\t\t\t\t\t\t<fieldset class=\"fieldset-company_name fieldset-type-text\">\n\t\t\t\t\t<label for=\"company_name\">Nom de l\u2019entreprise<\/label>\n\t\t\t\t\t<div class=\"field required-field\">\n\t\t\t\t\t\t<input type=\"text\" class=\"input-text\" name=\"company_name\" id=\"company_name\" placeholder=\"Saisir le nom de l\u2019entreprise\" value=\"\" maxlength=\"\" required \/>\n\t\t\t\t\t<\/div>\n\t\t\t\t<\/fieldset>\n\t\t\t\t\t\t\t<fieldset class=\"fieldset-company_website fieldset-type-text\">\n\t\t\t\t\t<label for=\"company_website\">Site web <small>(optionnel)<\/small><\/label>\n\t\t\t\t\t<div class=\"field \">\n\t\t\t\t\t\t<input type=\"text\" class=\"input-text\" name=\"company_website\" id=\"company_website\" placeholder=\"http:\/\/\" value=\"\" maxlength=\"\"  \/>\n\t\t\t\t\t<\/div>\n\t\t\t\t<\/fieldset>\n\t\t\t\t\t\t\t<fieldset class=\"fieldset-company_tagline fieldset-type-text\">\n\t\t\t\t\t<label for=\"company_tagline\">Slogan <small>(optionnel)<\/small><\/label>\n\t\t\t\t\t<div class=\"field \">\n\t\t\t\t\t\t<input type=\"text\" class=\"input-text\" name=\"company_tagline\" id=\"company_tagline\" placeholder=\"D\u00e9crire rapidement l\u2019entreprise\" value=\"\" maxlength=\"64\"  \/>\n\t\t\t\t\t<\/div>\n\t\t\t\t<\/fieldset>\n\t\t\t\t\t\t\t<fieldset class=\"fieldset-company_video fieldset-type-text\">\n\t\t\t\t\t<label for=\"company_video\">Vid\u00e9o <small>(optionnel)<\/small><\/label>\n\t\t\t\t\t<div class=\"field \">\n\t\t\t\t\t\t<input type=\"text\" class=\"input-text\" name=\"company_video\" id=\"company_video\" placeholder=\"Lien vers une vid\u00e9o pr\u00e9sentant votre soci\u00e9t\u00e9\" value=\"\" maxlength=\"\"  \/>\n\t\t\t\t\t<\/div>\n\t\t\t\t<\/fieldset>\n\t\t\t\t\t\t\t<fieldset class=\"fieldset-company_twitter fieldset-type-text\">\n\t\t\t\t\t<label for=\"company_twitter\">Compte Twitter <small>(optionnel)<\/small><\/label>\n\t\t\t\t\t<div class=\"field \">\n\t\t\t\t\t\t<input type=\"text\" class=\"input-text\" name=\"company_twitter\" id=\"company_twitter\" placeholder=\"@votreentreprise\" value=\"\" maxlength=\"\"  \/>\n\t\t\t\t\t<\/div>\n\t\t\t\t<\/fieldset>\n\t\t\t\t\t\t\t<fieldset class=\"fieldset-company_logo fieldset-type-file\">\n\t\t\t\t\t<label for=\"company_logo\">Logo <small>(optionnel)<\/small><\/label>\n\t\t\t\t\t<div class=\"field \">\n\t\t\t\t\t\t<div class=\"job-manager-uploaded-files\">\n\t<\/div>\n\n<input\n\ttype=\"file\"\n\tclass=\"input-text\"\n\tdata-file_types=\"jpg|jpeg|gif|png\"\n\t\t\t\t\tname=\"company_logo\"\n\tid=\"company_logo\"\n\tplaceholder=\"\"\n\/>\n<small class=\"description\">\n\t\t\tTaille maximale du fichier\u00a0: 512 Mo.\t<\/small>\n\t\t\t\t\t<\/div>\n\t\t\t\t<\/fieldset>\n\t\t\t\n\t\t\t\t\t\n\t\t<fieldset class=\"fieldset-recaptcha\">\n\t<label for=\"recaptcha\">Are you human?<\/label>\n\t<div class=\"field required-field\">\n\t\t<div class=\"g-recaptcha\" data-sitekey=\"6LesraIrAAAAAAG70p7lUQsdSlg94NWpjzCSH0mf\"><\/div>\n\t\t\t<\/div>\n<\/fieldset>\n<fieldset class=\"fieldset-agreement-checkbox \">\n\t<div class=\"field full-line-checkbox-field required-field\">\n\t\t<input type=\"checkbox\" class=\"input-checkbox\" name=\"agreement-checkbox\" id=\"agreement-checkbox\"  value=\"1\"  required \/>\n\t\t<label for=\"agreement-checkbox\">J\u2019accepte les <a href=\"https:\/\/www.yourkingsley.com\/terms-and-conditions\/\" target=\"_blank\">Conditions g\u00e9n\u00e9rales d\u2019utilisation<\/a>.<\/label>\n\t\t\t<\/div>\n<\/fieldset>\n\n\t\t<p>\n\t\t\t<input type=\"hidden\" name=\"job_manager_form\" value=\"submit-job\" \/>\n\t\t\t<input type=\"hidden\" name=\"job_id\" value=\"0\" \/>\n\t\t\t<input type=\"hidden\" name=\"step\" value=\"0\" \/>\n\t\t\t<input type=\"submit\" name=\"submit_job\" class=\"button\"\n    \t\t value=\"Pr\u00e9visualiser\" \/>\n\t\t\t\t\t\t<span class=\"spinner\" style=\"background-image: url(https:\/\/www.yourkingsley.com\/wp\/wp-includes\/images\/spinner.gif);\"><\/span>\n\t\t<\/p>\n\n\t<\/form>\n\n\n    <\/div>\n  <\/div>\n\n<\/section>","protected":false},"excerpt":{"rendered":"","protected":false},"author":95,"featured_media":0,"parent":0,"menu_order":0,"comment_status":"closed","ping_status":"closed","template":"template-jobs-post.php","meta":{"_acf_changed":false,"footnotes":""},"class_list":["post-253","page","type-page","status-publish","hentry"],"acf":[],"yoast_head":"<!-- This site is optimized with the Yoast SEO plugin v27.1.1 - https:\/\/yoast.com\/product\/yoast-seo-wordpress\/ -->\n<title>Submit job form - Kingsley<\/title>\n<meta name=\"robots\" content=\"index, follow, max-snippet:-1, max-image-preview:large, max-video-preview:-1\" \/>\n<link rel=\"canonical\" href=\"https:\/\/www.yourkingsley.com\/fr\/submit-job-form\/\" \/>\n<meta property=\"og:locale\" content=\"fr_FR\" \/>\n<meta property=\"og:type\" content=\"article\" \/>\n<meta property=\"og:title\" content=\"Submit job form - Kingsley\" \/>\n<meta property=\"og:url\" content=\"https:\/\/www.yourkingsley.com\/fr\/submit-job-form\/\" \/>\n<meta property=\"og:site_name\" content=\"Kingsley\" \/>\n<meta property=\"article:publisher\" content=\"https:\/\/www.facebook.com\/yourkingsley\" \/>\n<meta property=\"article:modified_time\" content=\"2022-08-02T12:36:40+00:00\" \/>\n<meta name=\"twitter:card\" content=\"summary_large_image\" \/>\n<script type=\"application\/ld+json\" class=\"yoast-schema-graph\">{\"@context\":\"https:\/\/schema.org\",\"@graph\":[{\"@type\":\"WebPage\",\"@id\":\"https:\/\/www.yourkingsley.com\/fr\/submit-job-form\/\",\"url\":\"https:\/\/www.yourkingsley.com\/fr\/submit-job-form\/\",\"name\":\"Submit job form - Kingsley\",\"isPartOf\":{\"@id\":\"https:\/\/www.yourkingsley.com\/#website\"},\"datePublished\":\"2022-07-13T10:21:09+00:00\",\"dateModified\":\"2022-08-02T12:36:40+00:00\",\"breadcrumb\":{\"@id\":\"https:\/\/www.yourkingsley.com\/fr\/submit-job-form\/#breadcrumb\"},\"inLanguage\":\"fr-FR\",\"potentialAction\":[{\"@type\":\"ReadAction\",\"target\":[\"https:\/\/www.yourkingsley.com\/fr\/submit-job-form\/\"]}]},{\"@type\":\"BreadcrumbList\",\"@id\":\"https:\/\/www.yourkingsley.com\/fr\/submit-job-form\/#breadcrumb\",\"itemListElement\":[{\"@type\":\"ListItem\",\"position\":1,\"name\":\"Home\",\"item\":\"https:\/\/www.yourkingsley.com\/fr\/\"},{\"@type\":\"ListItem\",\"position\":2,\"name\":\"Submit job form\"}]},{\"@type\":\"WebSite\",\"@id\":\"https:\/\/www.yourkingsley.com\/#website\",\"url\":\"https:\/\/www.yourkingsley.com\/\",\"name\":\"Kingsley\",\"description\":\"Your career companion\",\"publisher\":{\"@id\":\"https:\/\/www.yourkingsley.com\/#organization\"},\"potentialAction\":[{\"@type\":\"SearchAction\",\"target\":{\"@type\":\"EntryPoint\",\"urlTemplate\":\"https:\/\/www.yourkingsley.com\/?s={search_term_string}\"},\"query-input\":{\"@type\":\"PropertyValueSpecification\",\"valueRequired\":true,\"valueName\":\"search_term_string\"}}],\"inLanguage\":\"fr-FR\"},{\"@type\":\"Organization\",\"@id\":\"https:\/\/www.yourkingsley.com\/#organization\",\"name\":\"Kingsley\",\"url\":\"https:\/\/www.yourkingsley.com\/\",\"logo\":{\"@type\":\"ImageObject\",\"inLanguage\":\"fr-FR\",\"@id\":\"https:\/\/www.yourkingsley.com\/#\/schema\/logo\/image\/\",\"url\":\"https:\/\/www.yourkingsley.com\/app\/uploads\/2022\/06\/logo.svg\",\"contentUrl\":\"https:\/\/www.yourkingsley.com\/app\/uploads\/2022\/06\/logo.svg\",\"caption\":\"Kingsley\"},\"image\":{\"@id\":\"https:\/\/www.yourkingsley.com\/#\/schema\/logo\/image\/\"},\"sameAs\":[\"https:\/\/www.facebook.com\/yourkingsley\",\"https:\/\/www.linkedin.com\/company\/your-kingsley\/\"]}]}<\/script>\n<!-- \/ Yoast SEO plugin. -->","yoast_head_json":{"title":"Submit job form - Kingsley","robots":{"index":"index","follow":"follow","max-snippet":"max-snippet:-1","max-image-preview":"max-image-preview:large","max-video-preview":"max-video-preview:-1"},"canonical":"https:\/\/www.yourkingsley.com\/fr\/submit-job-form\/","og_locale":"fr_FR","og_type":"article","og_title":"Submit job form - Kingsley","og_url":"https:\/\/www.yourkingsley.com\/fr\/submit-job-form\/","og_site_name":"Kingsley","article_publisher":"https:\/\/www.facebook.com\/yourkingsley","article_modified_time":"2022-08-02T12:36:40+00:00","twitter_card":"summary_large_image","schema":{"@context":"https:\/\/schema.org","@graph":[{"@type":"WebPage","@id":"https:\/\/www.yourkingsley.com\/fr\/submit-job-form\/","url":"https:\/\/www.yourkingsley.com\/fr\/submit-job-form\/","name":"Submit job form - Kingsley","isPartOf":{"@id":"https:\/\/www.yourkingsley.com\/#website"},"datePublished":"2022-07-13T10:21:09+00:00","dateModified":"2022-08-02T12:36:40+00:00","breadcrumb":{"@id":"https:\/\/www.yourkingsley.com\/fr\/submit-job-form\/#breadcrumb"},"inLanguage":"fr-FR","potentialAction":[{"@type":"ReadAction","target":["https:\/\/www.yourkingsley.com\/fr\/submit-job-form\/"]}]},{"@type":"BreadcrumbList","@id":"https:\/\/www.yourkingsley.com\/fr\/submit-job-form\/#breadcrumb","itemListElement":[{"@type":"ListItem","position":1,"name":"Home","item":"https:\/\/www.yourkingsley.com\/fr\/"},{"@type":"ListItem","position":2,"name":"Submit job form"}]},{"@type":"WebSite","@id":"https:\/\/www.yourkingsley.com\/#website","url":"https:\/\/www.yourkingsley.com\/","name":"Kingsley","description":"Your career companion","publisher":{"@id":"https:\/\/www.yourkingsley.com\/#organization"},"potentialAction":[{"@type":"SearchAction","target":{"@type":"EntryPoint","urlTemplate":"https:\/\/www.yourkingsley.com\/?s={search_term_string}"},"query-input":{"@type":"PropertyValueSpecification","valueRequired":true,"valueName":"search_term_string"}}],"inLanguage":"fr-FR"},{"@type":"Organization","@id":"https:\/\/www.yourkingsley.com\/#organization","name":"Kingsley","url":"https:\/\/www.yourkingsley.com\/","logo":{"@type":"ImageObject","inLanguage":"fr-FR","@id":"https:\/\/www.yourkingsley.com\/#\/schema\/logo\/image\/","url":"https:\/\/www.yourkingsley.com\/app\/uploads\/2022\/06\/logo.svg","contentUrl":"https:\/\/www.yourkingsley.com\/app\/uploads\/2022\/06\/logo.svg","caption":"Kingsley"},"image":{"@id":"https:\/\/www.yourkingsley.com\/#\/schema\/logo\/image\/"},"sameAs":["https:\/\/www.facebook.com\/yourkingsley","https:\/\/www.linkedin.com\/company\/your-kingsley\/"]}]}},"_links":{"self":[{"href":"https:\/\/www.yourkingsley.com\/fr\/wp-json\/wp\/v2\/pages\/253","targetHints":{"allow":["GET"]}}],"collection":[{"href":"https:\/\/www.yourkingsley.com\/fr\/wp-json\/wp\/v2\/pages"}],"about":[{"href":"https:\/\/www.yourkingsley.com\/fr\/wp-json\/wp\/v2\/types\/page"}],"author":[{"embeddable":true,"href":"https:\/\/www.yourkingsley.com\/fr\/wp-json\/wp\/v2\/users\/95"}],"replies":[{"embeddable":true,"href":"https:\/\/www.yourkingsley.com\/fr\/wp-json\/wp\/v2\/comments?post=253"}],"version-history":[{"count":0,"href":"https:\/\/www.yourkingsley.com\/fr\/wp-json\/wp\/v2\/pages\/253\/revisions"}],"wp:attachment":[{"href":"https:\/\/www.yourkingsley.com\/fr\/wp-json\/wp\/v2\/media?parent=253"}],"curies":[{"name":"wp","href":"https:\/\/api.w.org\/{rel}","templated":true}]}}