{"id":14971,"date":"2025-12-10T15:30:13","date_gmt":"2025-12-10T14:30:13","guid":{"rendered":"https:\/\/www.yourkingsley.com\/?page_id=14971"},"modified":"2025-12-10T15:30:14","modified_gmt":"2025-12-10T14:30:14","slug":"enquete-guide-des-salaires-2026-real-estate","status":"publish","type":"page","link":"https:\/\/www.yourkingsley.com\/fr\/enquete-guide-des-salaires-2026-real-estate\/","title":{"rendered":"Enqu\u00eate Guide des salaires 2026 &#8211; Real Estate"},"content":{"rendered":"\n\n\n<section id=\"editor1319488120982369573\" class=\"m_editor editor1319488120982369573 \" data-block=\"editor\" >\n\n  <div class=\"m_editor__wrapper\">\n    <header class=\"m_headline\">\n          <h2 class=\"m_headline__title\" data-aos=\"fade-up\" data-aos-easing=\"ease-out-quad\" >Participez \u00e0 notre guide des salaires 2026<\/h2>\n    \n          <div class=\"m_content\" data-aos=\"fade-up\" data-aos-delay=\"100\" data-aos-easing=\"ease-out-sine\">\n        <h3>Aidez-nous \u00e0 \u00e9tablir un aper\u00e7u actualis\u00e9 des r\u00e9mun\u00e9rations dans votre secteur immobilier.<\/h3>\n<p>Chez Kingsley, nous pensons qu&#8217;un march\u00e9 de l&#8217;emploi transparent profite \u00e0 tous. Gr\u00e2ce \u00e0 vos r\u00e9ponses, le Guide des salaires 2026 fournira des rep\u00e8res essentiels aux candidats, aux talents et aux employeurs.<\/p>\n<p>Nous recherchons des donn\u00e9es concr\u00e8tes : salaires, primes, avantages sociaux, tendances par profession, niveau d&#8217;exp\u00e9rience ou secteur. Votre contribution est inestimable.<\/p>\n      <\/div>\n    <\/header>\n\n    <div class=\"m_editor__content m_content\" data-aos=\"fade-up\" data-aos-delay=\"100\" data-aos-easing=\"ease-out-sine\">\n      \n    <\/div>\n  <\/div>\n\n<\/section>\n\n\n\n  \n<section class=\"m_columns columns3215153583108237964 \" data-block=\"colonnes\">\n\n  <div class=\"m_columns__wrapper\">\n    <header class=\"m_headline\">\n    \n          <div class=\"m_content\" data-aos=\"fade-up\" data-aos-delay=\"100\" data-aos-easing=\"ease-out-sine\">\n        \n      <\/div>\n    <\/header>\n    \n    <div class=\"m_columns__container col-x1\">\n          <\/div>\n\n        \n  <\/div>\n\n<\/section>","protected":false},"excerpt":{"rendered":"","protected":false},"author":95,"featured_media":0,"parent":0,"menu_order":0,"comment_status":"closed","ping_status":"closed","template":"","meta":{"_acf_changed":false,"footnotes":""},"class_list":["post-14971","page","type-page","status-publish","hentry"],"acf":[],"yoast_head":"<!-- This site is optimized with the Yoast SEO plugin v27.1.1 - https:\/\/yoast.com\/product\/yoast-seo-wordpress\/ -->\n<title>Enqu\u00eate Guide des salaires 2026 - Real Estate - Kingsley<\/title>\n<meta name=\"robots\" content=\"index, follow, max-snippet:-1, max-image-preview:large, max-video-preview:-1\" \/>\n<link rel=\"canonical\" href=\"https:\/\/www.yourkingsley.com\/fr\/enquete-guide-des-salaires-2026-real-estate\/\" \/>\n<meta property=\"og:locale\" content=\"fr_FR\" \/>\n<meta property=\"og:type\" content=\"article\" \/>\n<meta property=\"og:title\" content=\"Enqu\u00eate Guide des salaires 2026 - Real Estate - Kingsley\" \/>\n<meta property=\"og:url\" content=\"https:\/\/www.yourkingsley.com\/fr\/enquete-guide-des-salaires-2026-real-estate\/\" \/>\n<meta property=\"og:site_name\" content=\"Kingsley\" \/>\n<meta property=\"article:publisher\" content=\"https:\/\/www.facebook.com\/yourkingsley\" \/>\n<meta property=\"article:modified_time\" content=\"2025-12-10T14:30:14+00:00\" \/>\n<meta name=\"twitter:card\" content=\"summary_large_image\" \/>\n<script type=\"application\/ld+json\" class=\"yoast-schema-graph\">{\"@context\":\"https:\/\/schema.org\",\"@graph\":[{\"@type\":\"WebPage\",\"@id\":\"https:\/\/www.yourkingsley.com\/fr\/enquete-guide-des-salaires-2026-real-estate\/\",\"url\":\"https:\/\/www.yourkingsley.com\/fr\/enquete-guide-des-salaires-2026-real-estate\/\",\"name\":\"Enqu\u00eate Guide des salaires 2026 - Real Estate - Kingsley\",\"isPartOf\":{\"@id\":\"https:\/\/www.yourkingsley.com\/#website\"},\"datePublished\":\"2025-12-10T14:30:13+00:00\",\"dateModified\":\"2025-12-10T14:30:14+00:00\",\"breadcrumb\":{\"@id\":\"https:\/\/www.yourkingsley.com\/fr\/enquete-guide-des-salaires-2026-real-estate\/#breadcrumb\"},\"inLanguage\":\"fr-FR\",\"potentialAction\":[{\"@type\":\"ReadAction\",\"target\":[\"https:\/\/www.yourkingsley.com\/fr\/enquete-guide-des-salaires-2026-real-estate\/\"]}]},{\"@type\":\"BreadcrumbList\",\"@id\":\"https:\/\/www.yourkingsley.com\/fr\/enquete-guide-des-salaires-2026-real-estate\/#breadcrumb\",\"itemListElement\":[{\"@type\":\"ListItem\",\"position\":1,\"name\":\"Home\",\"item\":\"https:\/\/www.yourkingsley.com\/fr\/\"},{\"@type\":\"ListItem\",\"position\":2,\"name\":\"Enqu\u00eate Guide des salaires 2026 &#8211; Real Estate\"}]},{\"@type\":\"WebSite\",\"@id\":\"https:\/\/www.yourkingsley.com\/#website\",\"url\":\"https:\/\/www.yourkingsley.com\/\",\"name\":\"Kingsley\",\"description\":\"Your career companion\",\"publisher\":{\"@id\":\"https:\/\/www.yourkingsley.com\/#organization\"},\"potentialAction\":[{\"@type\":\"SearchAction\",\"target\":{\"@type\":\"EntryPoint\",\"urlTemplate\":\"https:\/\/www.yourkingsley.com\/?s={search_term_string}\"},\"query-input\":{\"@type\":\"PropertyValueSpecification\",\"valueRequired\":true,\"valueName\":\"search_term_string\"}}],\"inLanguage\":\"fr-FR\"},{\"@type\":\"Organization\",\"@id\":\"https:\/\/www.yourkingsley.com\/#organization\",\"name\":\"Kingsley\",\"url\":\"https:\/\/www.yourkingsley.com\/\",\"logo\":{\"@type\":\"ImageObject\",\"inLanguage\":\"fr-FR\",\"@id\":\"https:\/\/www.yourkingsley.com\/#\/schema\/logo\/image\/\",\"url\":\"https:\/\/www.yourkingsley.com\/app\/uploads\/2022\/06\/logo.svg\",\"contentUrl\":\"https:\/\/www.yourkingsley.com\/app\/uploads\/2022\/06\/logo.svg\",\"caption\":\"Kingsley\"},\"image\":{\"@id\":\"https:\/\/www.yourkingsley.com\/#\/schema\/logo\/image\/\"},\"sameAs\":[\"https:\/\/www.facebook.com\/yourkingsley\",\"https:\/\/www.linkedin.com\/company\/your-kingsley\/\"]}]}<\/script>\n<!-- \/ Yoast SEO plugin. -->","yoast_head_json":{"title":"Enqu\u00eate Guide des salaires 2026 - Real Estate - Kingsley","robots":{"index":"index","follow":"follow","max-snippet":"max-snippet:-1","max-image-preview":"max-image-preview:large","max-video-preview":"max-video-preview:-1"},"canonical":"https:\/\/www.yourkingsley.com\/fr\/enquete-guide-des-salaires-2026-real-estate\/","og_locale":"fr_FR","og_type":"article","og_title":"Enqu\u00eate Guide des salaires 2026 - Real Estate - Kingsley","og_url":"https:\/\/www.yourkingsley.com\/fr\/enquete-guide-des-salaires-2026-real-estate\/","og_site_name":"Kingsley","article_publisher":"https:\/\/www.facebook.com\/yourkingsley","article_modified_time":"2025-12-10T14:30:14+00:00","twitter_card":"summary_large_image","schema":{"@context":"https:\/\/schema.org","@graph":[{"@type":"WebPage","@id":"https:\/\/www.yourkingsley.com\/fr\/enquete-guide-des-salaires-2026-real-estate\/","url":"https:\/\/www.yourkingsley.com\/fr\/enquete-guide-des-salaires-2026-real-estate\/","name":"Enqu\u00eate Guide des salaires 2026 - Real Estate - Kingsley","isPartOf":{"@id":"https:\/\/www.yourkingsley.com\/#website"},"datePublished":"2025-12-10T14:30:13+00:00","dateModified":"2025-12-10T14:30:14+00:00","breadcrumb":{"@id":"https:\/\/www.yourkingsley.com\/fr\/enquete-guide-des-salaires-2026-real-estate\/#breadcrumb"},"inLanguage":"fr-FR","potentialAction":[{"@type":"ReadAction","target":["https:\/\/www.yourkingsley.com\/fr\/enquete-guide-des-salaires-2026-real-estate\/"]}]},{"@type":"BreadcrumbList","@id":"https:\/\/www.yourkingsley.com\/fr\/enquete-guide-des-salaires-2026-real-estate\/#breadcrumb","itemListElement":[{"@type":"ListItem","position":1,"name":"Home","item":"https:\/\/www.yourkingsley.com\/fr\/"},{"@type":"ListItem","position":2,"name":"Enqu\u00eate Guide des salaires 2026 &#8211; Real Estate"}]},{"@type":"WebSite","@id":"https:\/\/www.yourkingsley.com\/#website","url":"https:\/\/www.yourkingsley.com\/","name":"Kingsley","description":"Your career companion","publisher":{"@id":"https:\/\/www.yourkingsley.com\/#organization"},"potentialAction":[{"@type":"SearchAction","target":{"@type":"EntryPoint","urlTemplate":"https:\/\/www.yourkingsley.com\/?s={search_term_string}"},"query-input":{"@type":"PropertyValueSpecification","valueRequired":true,"valueName":"search_term_string"}}],"inLanguage":"fr-FR"},{"@type":"Organization","@id":"https:\/\/www.yourkingsley.com\/#organization","name":"Kingsley","url":"https:\/\/www.yourkingsley.com\/","logo":{"@type":"ImageObject","inLanguage":"fr-FR","@id":"https:\/\/www.yourkingsley.com\/#\/schema\/logo\/image\/","url":"https:\/\/www.yourkingsley.com\/app\/uploads\/2022\/06\/logo.svg","contentUrl":"https:\/\/www.yourkingsley.com\/app\/uploads\/2022\/06\/logo.svg","caption":"Kingsley"},"image":{"@id":"https:\/\/www.yourkingsley.com\/#\/schema\/logo\/image\/"},"sameAs":["https:\/\/www.facebook.com\/yourkingsley","https:\/\/www.linkedin.com\/company\/your-kingsley\/"]}]}},"_links":{"self":[{"href":"https:\/\/www.yourkingsley.com\/fr\/wp-json\/wp\/v2\/pages\/14971","targetHints":{"allow":["GET"]}}],"collection":[{"href":"https:\/\/www.yourkingsley.com\/fr\/wp-json\/wp\/v2\/pages"}],"about":[{"href":"https:\/\/www.yourkingsley.com\/fr\/wp-json\/wp\/v2\/types\/page"}],"author":[{"embeddable":true,"href":"https:\/\/www.yourkingsley.com\/fr\/wp-json\/wp\/v2\/users\/95"}],"replies":[{"embeddable":true,"href":"https:\/\/www.yourkingsley.com\/fr\/wp-json\/wp\/v2\/comments?post=14971"}],"version-history":[{"count":1,"href":"https:\/\/www.yourkingsley.com\/fr\/wp-json\/wp\/v2\/pages\/14971\/revisions"}],"predecessor-version":[{"id":14972,"href":"https:\/\/www.yourkingsley.com\/fr\/wp-json\/wp\/v2\/pages\/14971\/revisions\/14972"}],"wp:attachment":[{"href":"https:\/\/www.yourkingsley.com\/fr\/wp-json\/wp\/v2\/media?parent=14971"}],"curies":[{"name":"wp","href":"https:\/\/api.w.org\/{rel}","templated":true}]}}